{"id":2646,"date":"2025-12-09T21:54:42","date_gmt":"2025-12-09T21:54:42","guid":{"rendered":"https:\/\/nihouse.fwc-staging.com\/?page_id=2646"},"modified":"2026-03-25T09:45:18","modified_gmt":"2026-03-25T16:45:18","slug":"community-housing-transformation-centre-rentsmart-2","status":"publish","type":"page","link":"https:\/\/nihouse.ca\/fr\/resources\/community-housing-transformation-centre-rentsmart-2\/","title":{"rendered":"Centre de transformation du logement communautaire\u00a0: RentSmart"},"content":{"rendered":"\n[et_pb_section fb_built=&#8221;1&#8243; custom_padding_last_edited=&#8221;on|phone&#8221; admin_label=&#8221;Header&#8221; _builder_version=&#8221;4.22.2&#8243; _module_preset=&#8221;default&#8221; use_background_color_gradient=&#8221;on&#8221; background_color_gradient_stops=&#8221;rgba(0,0,0,0) 40%|#ffffff 100%&#8221; background_color_gradient_overlays_image=&#8221;on&#8221; background_color_gradient_start=&#8221;rgba(0,0,0,0)&#8221; background_color_gradient_start_position=&#8221;40%&#8221; background_color_gradient_end=&#8221;#ffffff&#8221; background_image=&#8221;https:\/\/nihouse.ca\/wp-content\/uploads\/2025\/09\/gradient-lighter.jpg&#8221; background_position=&#8221;bottom_right&#8221; background_horizontal_offset=&#8221;10%&#8221; custom_padding=&#8221;96px||0px||false|false&#8221; custom_padding_tablet=&#8221;&#8221; custom_padding_phone=&#8221;0px||||false|false&#8221; global_colors_info=&#8221;{}&#8221;][et_pb_row column_structure=&#8221;3_4,1_4&#8243; _builder_version=&#8221;4.16&#8243; _module_preset=&#8221;default&#8221; custom_padding=&#8221;||55px|||&#8221; global_colors_info=&#8221;{}&#8221;][et_pb_column type=&#8221;3_4&#8243; _builder_version=&#8221;4.16&#8243; _module_preset=&#8221;default&#8221; global_colors_info=&#8221;{}&#8221;][et_pb_heading title=&#8221;Community Housing Transformation Centre: RentSmart&#8221; _builder_version=&#8221;4.22.2&#8243; _module_preset=&#8221;default&#8221; global_colors_info=&#8221;{}&#8221;][\/et_pb_heading][\/et_pb_column][et_pb_column type=&#8221;1_4&#8243; _builder_version=&#8221;4.16&#8243; _module_preset=&#8221;default&#8221; global_colors_info=&#8221;{}&#8221;][et_pb_image src=&#8221;https:\/\/nihouse.ca\/wp-content\/uploads\/2025\/12\/chtc_logo-01.svg&#8221; _builder_version=&#8221;4.22.2&#8243; _module_preset=&#8221;default&#8221; hover_enabled=&#8221;0&#8243; global_colors_info=&#8221;{}&#8221; title_text=&#8221;chtc_logo-01&#8243; sticky_enabled=&#8221;0&#8243; custom_margin=&#8221;30px||||false|false&#8221;][\/et_pb_image][\/et_pb_column][\/et_pb_row][\/et_pb_section][et_pb_section fb_built=&#8221;1&#8243; custom_padding_last_edited=&#8221;on|phone&#8221; admin_label=&#8221;Header&#8221; _builder_version=&#8221;4.22.2&#8243; _module_preset=&#8221;default&#8221; background_color=&#8221;rgba(255,255,255,0)&#8221; use_background_color_gradient=&#8221;on&#8221; background_color_gradient_stops=&#8221;rgba(0,0,0,0) 40%|#ffffff 100%&#8221; background_color_gradient_overlays_image=&#8221;on&#8221; background_color_gradient_start=&#8221;rgba(0,0,0,0)&#8221; background_color_gradient_start_position=&#8221;40%&#8221; background_color_gradient_end=&#8221;#ffffff&#8221; background_enable_image=&#8221;off&#8221; background_position=&#8221;bottom_right&#8221; background_horizontal_offset=&#8221;10%&#8221; custom_margin=&#8221;-50px||||false|false&#8221; custom_padding=&#8221;||||false|false&#8221; custom_padding_tablet=&#8221;&#8221; custom_padding_phone=&#8221;0px||||false|false&#8221; global_colors_info=&#8221;{}&#8221;][et_pb_row _builder_version=&#8221;4.22.2&#8243; _module_preset=&#8221;default&#8221; custom_padding=&#8221;||55px|||&#8221; global_colors_info=&#8221;{}&#8221;][et_pb_column type=&#8221;4_4&#8243; _builder_version=&#8221;4.16&#8243; _module_preset=&#8221;default&#8221; global_colors_info=&#8221;{}&#8221;][et_pb_text _builder_version=&#8221;4.22.2&#8243; _module_preset=&#8221;default&#8221; global_colors_info=&#8221;{}&#8221;]<p>Founded in 2018, the Community Housing Transformation Centre is a nonprofit organization dedicated to making community housing a key player in reshaping Canada\u2019s housing landscape.<\/p>[\/et_pb_text][et_pb_text _builder_version=&#8221;4.22.2&#8243; _module_preset=&#8221;default&#8221; custom_margin=&#8221;20px||||false|false&#8221; global_colors_info=&#8221;{}&#8221;]<p>RentSmart is a program offered by the Centre that is designed to support more stable tenancies. The program trains community educators with the skills and tools to empower tenants.<\/p>[\/et_pb_text][et_pb_button button_url=&#8221;https:\/\/centre.support\/service\/rentsmart-fostering-healthy-lasting-rental-relationships\/&#8221; url_new_window=&#8221;on&#8221; button_text=&#8221;Website&#8221; button_alignment=&#8221;left&#8221; _builder_version=&#8221;4.22.2&#8243; _module_preset=&#8221;default&#8221; custom_button=&#8221;on&#8221; button_text_size=&#8221;20px&#8221; button_text_color=&#8221;#ffffff&#8221; button_bg_color=&#8221;#326e92&#8243; button_border_width=&#8221;0px&#8221; button_border_radius=&#8221;100px&#8221; button_letter_spacing=&#8221;0px&#8221; button_font=&#8221;|700|||||||&#8221; custom_margin=&#8221;30px||||false|false&#8221; custom_padding=&#8221;16px|40px|16px|40px|true|true&#8221; locked=&#8221;off&#8221; global_colors_info=&#8221;{}&#8221;][\/et_pb_button][\/et_pb_column][\/et_pb_row][\/et_pb_section][et_pb_section fb_built=&#8221;1&#8243; admin_label=&#8221;Footer&#8221; module_class=&#8221;website-footer&#8221; _builder_version=&#8221;4.22.2&#8243; _module_preset=&#8221;default&#8221; background_color=&#8221;#004976&#8243; background_image=&#8221;http:\/\/nihouse.wpenginepowered.com\/wp-content\/uploads\/2023\/10\/engineering-firm-52.png&#8221; background_enable_image=&#8221;off&#8221; background_size=&#8221;initial&#8221; max_height=&#8221;1276px&#8221; global_module=&#8221;163&#8243; saved_tabs=&#8221;all&#8221; global_colors_info=&#8221;{}&#8221;][et_pb_row _builder_version=&#8221;4.22.2&#8243; _module_preset=&#8221;default&#8221; global_colors_info=&#8221;{}&#8221;][et_pb_column type=&#8221;4_4&#8243; _builder_version=&#8221;4.16&#8243; _module_preset=&#8221;default&#8221; global_colors_info=&#8221;{}&#8221;][et_pb_image src=&#8221;https:\/\/nihouse.ca\/wp-content\/uploads\/2025\/11\/nihouse-logo-revesrse-house.png&#8221; title_text=&#8221;nihouse-logo-revesrse-house&#8221; _builder_version=&#8221;4.22.2&#8243; _module_preset=&#8221;default&#8221; width=&#8221;47%&#8221; max_width=&#8221;300px&#8221; max_height=&#8221;100px&#8221; global_colors_info=&#8221;{}&#8221;][\/et_pb_image][\/et_pb_column][\/et_pb_row][et_pb_row column_structure=&#8221;1_3,1_3,1_3&#8243; _builder_version=&#8221;4.22.2&#8243; _module_preset=&#8221;default&#8221; global_colors_info=&#8221;{}&#8221;][et_pb_column type=&#8221;1_3&#8243; admin_label=&#8221;Column&#8221; _builder_version=&#8221;4.16&#8243; _module_preset=&#8221;default&#8221; global_colors_info=&#8221;{}&#8221;][et_pb_social_media_follow disabled_on=&#8221;on|on|on&#8221; _builder_version=&#8221;4.16&#8243; _module_preset=&#8221;default&#8221; disabled=&#8221;on&#8221; global_colors_info=&#8221;{}&#8221;][et_pb_social_media_follow_network social_network=&#8221;facebook&#8221; _builder_version=&#8221;4.16&#8243; _module_preset=&#8221;default&#8221; background_enable_color=&#8221;off&#8221; global_colors_info=&#8221;{}&#8221; follow_button=&#8221;off&#8221; url_new_window=&#8221;on&#8221;]facebook[\/et_pb_social_media_follow_network][et_pb_social_media_follow_network social_network=&#8221;twitter&#8221; _builder_version=&#8221;4.16&#8243; _module_preset=&#8221;default&#8221; background_enable_color=&#8221;off&#8221; global_colors_info=&#8221;{}&#8221; follow_button=&#8221;off&#8221; url_new_window=&#8221;on&#8221;]twitter[\/et_pb_social_media_follow_network][et_pb_social_media_follow_network social_network=&#8221;instagram&#8221; _builder_version=&#8221;4.16&#8243; _module_preset=&#8221;default&#8221; background_enable_color=&#8221;off&#8221; global_colors_info=&#8221;{}&#8221; follow_button=&#8221;off&#8221; url_new_window=&#8221;on&#8221;]instagram[\/et_pb_social_media_follow_network][\/et_pb_social_media_follow][et_pb_text disabled_on=&#8221;on|on|on&#8221; _builder_version=&#8221;4.22.2&#8243; _module_preset=&#8221;default&#8221; text_font=&#8221;|600|||||||&#8221; text_line_height=&#8221;1.1em&#8221; disabled=&#8221;on&#8221; global_colors_info=&#8221;{}&#8221;]<p><span style=\"color: #ffffff;\">We welcome your feedback about our platform.<\/span><\/p>[\/et_pb_text][et_pb_contact_form captcha=&#8221;off&#8221; email=&#8221;ni-house@carleton.ca&#8221; disabled_on=&#8221;off|off|off&#8221; _builder_version=&#8221;4.22.2&#8243; _module_preset=&#8221;default&#8221; form_field_background_color=&#8221;#FFFFFF&#8221; form_field_text_color=&#8221;#000000&#8243; form_field_focus_text_color=&#8221;#FFFFFF&#8221; form_field_custom_padding=&#8221;8px||8px||true|false&#8221; title_text_color=&#8221;#FFFFFF&#8221; captcha_text_color=&#8221;#FFFFFF&#8221; form_field_font_size=&#8221;12px&#8221; form_field_line_height=&#8221;1.8em&#8221; custom_button=&#8221;on&#8221; button_text_size=&#8221;14px&#8221; button_text_color=&#8221;#ffffff&#8221; button_bg_color=&#8221;#915b21&#8243; button_border_width=&#8221;0px&#8221; button_border_radius=&#8221;0px&#8221; button_font=&#8221;|700|||||||&#8221; button_use_icon=&#8221;off&#8221; button_custom_margin=&#8221;10px||||false|false&#8221; button_custom_padding=&#8221;16px|40px|16px|40px|true|true&#8221; border_width_all=&#8221;2px&#8221; border_color_all=&#8221;rgba(187,164,134,0.48)&#8221; global_colors_info=&#8221;{}&#8221;][et_pb_contact_field field_id=&#8221;Name&#8221; field_title=&#8221;Name&#8221; _builder_version=&#8221;4.22.2&#8243; border_width_all=&#8221;0px&#8221; border_color_all=&#8221;#000000&#8243; global_colors_info=&#8221;{}&#8221; button_text_size__hover_enabled=&#8221;off&#8221; button_one_text_size__hover_enabled=&#8221;off&#8221; button_two_text_size__hover_enabled=&#8221;off&#8221; button_text_color__hover_enabled=&#8221;off&#8221; button_one_text_color__hover_enabled=&#8221;off&#8221; button_two_text_color__hover_enabled=&#8221;off&#8221; button_border_width__hover_enabled=&#8221;off&#8221; button_one_border_width__hover_enabled=&#8221;off&#8221; button_two_border_width__hover_enabled=&#8221;off&#8221; button_border_color__hover_enabled=&#8221;off&#8221; button_one_border_color__hover_enabled=&#8221;off&#8221; button_two_border_color__hover_enabled=&#8221;off&#8221; button_border_radius__hover_enabled=&#8221;off&#8221; button_one_border_radius__hover_enabled=&#8221;off&#8221; button_two_border_radius__hover_enabled=&#8221;off&#8221; button_letter_spacing__hover_enabled=&#8221;off&#8221; button_one_letter_spacing__hover_enabled=&#8221;off&#8221; button_two_letter_spacing__hover_enabled=&#8221;off&#8221; button_bg_color__hover_enabled=&#8221;off&#8221; button_one_bg_color__hover_enabled=&#8221;off&#8221; button_two_bg_color__hover_enabled=&#8221;off&#8221;][\/et_pb_contact_field][et_pb_contact_field field_id=&#8221;Email&#8221; field_title=&#8221;Email Address&#8221; field_type=&#8221;email&#8221; _builder_version=&#8221;4.22.2&#8243; border_width_all=&#8221;0px&#8221; global_colors_info=&#8221;{}&#8221; button_text_size__hover_enabled=&#8221;off&#8221; button_one_text_size__hover_enabled=&#8221;off&#8221; button_two_text_size__hover_enabled=&#8221;off&#8221; button_text_color__hover_enabled=&#8221;off&#8221; button_one_text_color__hover_enabled=&#8221;off&#8221; button_two_text_color__hover_enabled=&#8221;off&#8221; button_border_width__hover_enabled=&#8221;off&#8221; button_one_border_width__hover_enabled=&#8221;off&#8221; button_two_border_width__hover_enabled=&#8221;off&#8221; button_border_color__hover_enabled=&#8221;off&#8221; button_one_border_color__hover_enabled=&#8221;off&#8221; button_two_border_color__hover_enabled=&#8221;off&#8221; button_border_radius__hover_enabled=&#8221;off&#8221; button_one_border_radius__hover_enabled=&#8221;off&#8221; button_two_border_radius__hover_enabled=&#8221;off&#8221; button_letter_spacing__hover_enabled=&#8221;off&#8221; button_one_letter_spacing__hover_enabled=&#8221;off&#8221; button_two_letter_spacing__hover_enabled=&#8221;off&#8221; button_bg_color__hover_enabled=&#8221;off&#8221; button_one_bg_color__hover_enabled=&#8221;off&#8221; button_two_bg_color__hover_enabled=&#8221;off&#8221;][\/et_pb_contact_field][et_pb_contact_field field_id=&#8221;Message&#8221; field_title=&#8221;Message&#8221; field_type=&#8221;text&#8221; fullwidth_field=&#8221;on&#8221; _builder_version=&#8221;4.22.2&#8243; border_width_all=&#8221;0px&#8221; global_colors_info=&#8221;{}&#8221; button_text_size__hover_enabled=&#8221;off&#8221; button_one_text_size__hover_enabled=&#8221;off&#8221; button_two_text_size__hover_enabled=&#8221;off&#8221; button_text_color__hover_enabled=&#8221;off&#8221; button_one_text_color__hover_enabled=&#8221;off&#8221; button_two_text_color__hover_enabled=&#8221;off&#8221; button_border_width__hover_enabled=&#8221;off&#8221; button_one_border_width__hover_enabled=&#8221;off&#8221; button_two_border_width__hover_enabled=&#8221;off&#8221; button_border_color__hover_enabled=&#8221;off&#8221; button_one_border_color__hover_enabled=&#8221;off&#8221; button_two_border_color__hover_enabled=&#8221;off&#8221; button_border_radius__hover_enabled=&#8221;off&#8221; button_one_border_radius__hover_enabled=&#8221;off&#8221; button_two_border_radius__hover_enabled=&#8221;off&#8221; button_letter_spacing__hover_enabled=&#8221;off&#8221; button_one_letter_spacing__hover_enabled=&#8221;off&#8221; button_two_letter_spacing__hover_enabled=&#8221;off&#8221; button_bg_color__hover_enabled=&#8221;off&#8221; button_one_bg_color__hover_enabled=&#8221;off&#8221; button_two_bg_color__hover_enabled=&#8221;off&#8221;][\/et_pb_contact_field][\/et_pb_contact_form][\/et_pb_column][et_pb_column type=&#8221;1_3&#8243; admin_label=&#8221;Column&#8221; _builder_version=&#8221;4.16&#8243; _module_preset=&#8221;default&#8221; global_colors_info=&#8221;{}&#8221;][et_pb_text _builder_version=&#8221;4.22.2&#8243; _module_preset=&#8221;default&#8221; global_colors_info=&#8221;{}&#8221;]<p><span style=\"color: #ffffff;\">We welcome questions and feedback. Please leave us a message in the form.<\/span><\/p>[\/et_pb_text][\/et_pb_column][et_pb_column type=&#8221;1_3&#8243; admin_label=&#8221;Column&#8221; _builder_version=&#8221;4.16&#8243; _module_preset=&#8221;default&#8221; global_colors_info=&#8221;{}&#8221;][\/et_pb_column][\/et_pb_row][\/et_pb_section]\n","protected":false},"excerpt":{"rendered":"<p>Founded in 2018, the Community Housing Transformation Centre is a nonprofit organization dedicated to making community housing a key player in reshaping Canada\u2019s housing landscape.RentSmart is a program offered by the Centre that is designed to support more stable tenancies. The program trains community educators with the skills and tools to empower tenants.We welcome your [&hellip;]<\/p>\n","protected":false},"author":7,"featured_media":0,"parent":0,"menu_order":0,"comment_status":"closed","ping_status":"closed","template":"","meta":{"_et_pb_use_builder":"on","_et_pb_old_content":"","_et_gb_content_width":"","footnotes":""},"class_list":["post-2646","page","type-page","status-publish","hentry"],"yoast_head":"<!-- This site is optimized with the Yoast SEO plugin v27.1.1 - https:\/\/yoast.com\/product\/yoast-seo-wordpress\/ -->\n<title>Community Housing Transformation Centre: RentSmart - Neuroinclusivity in Housing<\/title>\n<meta name=\"description\" content=\"Founded in 2018, the Community Housing Transformation Centre is a nonprofit organization dedicated to making community housing a key player in reshaping Canada\u2019s housing landscape.\" \/>\n<meta name=\"robots\" content=\"index, follow, max-snippet:-1, max-image-preview:large, max-video-preview:-1\" \/>\n<link rel=\"canonical\" href=\"https:\/\/nihouse.ca\/fr\/resources\/community-housing-transformation-centre-rentsmart-2\/\" \/>\n<meta property=\"og:locale\" content=\"fr_CA\" \/>\n<meta property=\"og:type\" content=\"article\" \/>\n<meta property=\"og:title\" content=\"Community Housing Transformation Centre: RentSmart - Neuroinclusivity in Housing\" \/>\n<meta property=\"og:description\" content=\"Founded in 2018, the Community Housing Transformation Centre is a nonprofit organization dedicated to making community housing a key player in reshaping Canada\u2019s housing landscape.\" \/>\n<meta property=\"og:url\" content=\"https:\/\/nihouse.ca\/fr\/resources\/community-housing-transformation-centre-rentsmart-2\/\" \/>\n<meta property=\"og:site_name\" content=\"Neuroinclusivity in Housing\" \/>\n<meta property=\"article:modified_time\" content=\"2026-03-25T16:45:18+00:00\" \/>\n<meta name=\"twitter:card\" content=\"summary_large_image\" \/>\n<meta name=\"twitter:label1\" content=\"Estimation du temps de lecture\" \/>\n\t<meta name=\"twitter:data1\" content=\"1 minute\" \/>\n<script type=\"application\/ld+json\" class=\"yoast-schema-graph\">{\"@context\":\"https:\/\/schema.org\",\"@graph\":[{\"@type\":\"WebPage\",\"@id\":\"https:\/\/nihouse.ca\/fr\/resources\/community-housing-transformation-centre-rentsmart-2\/\",\"url\":\"https:\/\/nihouse.ca\/fr\/resources\/community-housing-transformation-centre-rentsmart-2\/\",\"name\":\"Community Housing Transformation Centre: RentSmart - Neuroinclusivity in Housing\",\"isPartOf\":{\"@id\":\"https:\/\/nihouse.ca\/fr\/#website\"},\"datePublished\":\"2025-12-09T21:54:42+00:00\",\"dateModified\":\"2026-03-25T16:45:18+00:00\",\"description\":\"Founded in 2018, the Community Housing Transformation Centre is a nonprofit organization dedicated to making community housing a key player in reshaping Canada\u2019s housing landscape.\",\"breadcrumb\":{\"@id\":\"https:\/\/nihouse.ca\/fr\/resources\/community-housing-transformation-centre-rentsmart-2\/#breadcrumb\"},\"inLanguage\":\"fr-CA\",\"potentialAction\":[{\"@type\":\"ReadAction\",\"target\":[\"https:\/\/nihouse.ca\/fr\/resources\/community-housing-transformation-centre-rentsmart-2\/\"]}]},{\"@type\":\"BreadcrumbList\",\"@id\":\"https:\/\/nihouse.ca\/fr\/resources\/community-housing-transformation-centre-rentsmart-2\/#breadcrumb\",\"itemListElement\":[{\"@type\":\"ListItem\",\"position\":1,\"name\":\"Home\",\"item\":\"https:\/\/nihouse.ca\/\"},{\"@type\":\"ListItem\",\"position\":2,\"name\":\"Community Housing Transformation Centre: RentSmart\"}]},{\"@type\":\"WebSite\",\"@id\":\"https:\/\/nihouse.ca\/fr\/#website\",\"url\":\"https:\/\/nihouse.ca\/fr\/\",\"name\":\"Neuroinclusivity in Housing\",\"description\":\"\",\"publisher\":{\"@id\":\"https:\/\/nihouse.ca\/fr\/#organization\"},\"potentialAction\":[{\"@type\":\"SearchAction\",\"target\":{\"@type\":\"EntryPoint\",\"urlTemplate\":\"https:\/\/nihouse.ca\/fr\/?s={search_term_string}\"},\"query-input\":{\"@type\":\"PropertyValueSpecification\",\"valueRequired\":true,\"valueName\":\"search_term_string\"}}],\"inLanguage\":\"fr-CA\"},{\"@type\":\"Organization\",\"@id\":\"https:\/\/nihouse.ca\/fr\/#organization\",\"name\":\"Neuroinclusivity in Housing\",\"url\":\"https:\/\/nihouse.ca\/fr\/\",\"logo\":{\"@type\":\"ImageObject\",\"inLanguage\":\"fr-CA\",\"@id\":\"https:\/\/nihouse.ca\/fr\/#\/schema\/logo\/image\/\",\"url\":\"https:\/\/nihouse.ca\/wp-content\/uploads\/2026\/01\/cropped-favicon.jpg\",\"contentUrl\":\"https:\/\/nihouse.ca\/wp-content\/uploads\/2026\/01\/cropped-favicon.jpg\",\"width\":512,\"height\":512,\"caption\":\"Neuroinclusivity in Housing\"},\"image\":{\"@id\":\"https:\/\/nihouse.ca\/fr\/#\/schema\/logo\/image\/\"},\"sameAs\":[\"https:\/\/www.linkedin.com\/company\/neuroinclusivity-in-housing\/\"]}]}<\/script>\n<!-- \/ Yoast SEO plugin. -->","yoast_head_json":{"title":"Community Housing Transformation Centre: RentSmart - Neuroinclusivity in Housing","description":"Fond\u00e9 en 2018, le Centre de transformation du logement communautaire est un organisme sans but lucratif qui se consacre \u00e0 faire du logement communautaire un acteur cl\u00e9 dans la refonte du paysage immobilier canadien.","robots":{"index":"index","follow":"follow","max-snippet":"max-snippet:-1","max-image-preview":"max-image-preview:large","max-video-preview":"max-video-preview:-1"},"canonical":"https:\/\/nihouse.ca\/fr\/resources\/community-housing-transformation-centre-rentsmart-2\/","og_locale":"fr_CA","og_type":"article","og_title":"Community Housing Transformation Centre: RentSmart - Neuroinclusivity in Housing","og_description":"Founded in 2018, the Community Housing Transformation Centre is a nonprofit organization dedicated to making community housing a key player in reshaping Canada\u2019s housing landscape.","og_url":"https:\/\/nihouse.ca\/fr\/resources\/community-housing-transformation-centre-rentsmart-2\/","og_site_name":"Neuroinclusivity in Housing","article_modified_time":"2026-03-25T16:45:18+00:00","twitter_card":"summary_large_image","twitter_misc":{"Estimation du temps de lecture":"1 minute"},"schema":{"@context":"https:\/\/schema.org","@graph":[{"@type":"WebPage","@id":"https:\/\/nihouse.ca\/fr\/resources\/community-housing-transformation-centre-rentsmart-2\/","url":"https:\/\/nihouse.ca\/fr\/resources\/community-housing-transformation-centre-rentsmart-2\/","name":"Community Housing Transformation Centre: RentSmart - Neuroinclusivity in Housing","isPartOf":{"@id":"https:\/\/nihouse.ca\/fr\/#website"},"datePublished":"2025-12-09T21:54:42+00:00","dateModified":"2026-03-25T16:45:18+00:00","description":"Fond\u00e9 en 2018, le Centre de transformation du logement communautaire est un organisme sans but lucratif qui se consacre \u00e0 faire du logement communautaire un acteur cl\u00e9 dans la refonte du paysage immobilier canadien.","breadcrumb":{"@id":"https:\/\/nihouse.ca\/fr\/resources\/community-housing-transformation-centre-rentsmart-2\/#breadcrumb"},"inLanguage":"fr-CA","potentialAction":[{"@type":"ReadAction","target":["https:\/\/nihouse.ca\/fr\/resources\/community-housing-transformation-centre-rentsmart-2\/"]}]},{"@type":"BreadcrumbList","@id":"https:\/\/nihouse.ca\/fr\/resources\/community-housing-transformation-centre-rentsmart-2\/#breadcrumb","itemListElement":[{"@type":"ListItem","position":1,"name":"Home","item":"https:\/\/nihouse.ca\/"},{"@type":"ListItem","position":2,"name":"Community Housing Transformation Centre: RentSmart"}]},{"@type":"WebSite","@id":"https:\/\/nihouse.ca\/fr\/#website","url":"https:\/\/nihouse.ca\/fr\/","name":"Neuroinclusivit\u00e9 dans le secteur du logement","description":"","publisher":{"@id":"https:\/\/nihouse.ca\/fr\/#organization"},"potentialAction":[{"@type":"SearchAction","target":{"@type":"EntryPoint","urlTemplate":"https:\/\/nihouse.ca\/fr\/?s={search_term_string}"},"query-input":{"@type":"PropertyValueSpecification","valueRequired":true,"valueName":"search_term_string"}}],"inLanguage":"fr-CA"},{"@type":"Organization","@id":"https:\/\/nihouse.ca\/fr\/#organization","name":"Neuroinclusivit\u00e9 dans le secteur du logement","url":"https:\/\/nihouse.ca\/fr\/","logo":{"@type":"ImageObject","inLanguage":"fr-CA","@id":"https:\/\/nihouse.ca\/fr\/#\/schema\/logo\/image\/","url":"https:\/\/nihouse.ca\/wp-content\/uploads\/2026\/01\/cropped-favicon.jpg","contentUrl":"https:\/\/nihouse.ca\/wp-content\/uploads\/2026\/01\/cropped-favicon.jpg","width":512,"height":512,"caption":"Neuroinclusivity in Housing"},"image":{"@id":"https:\/\/nihouse.ca\/fr\/#\/schema\/logo\/image\/"},"sameAs":["https:\/\/www.linkedin.com\/company\/neuroinclusivity-in-housing\/"]}]}},"_links":{"self":[{"href":"https:\/\/nihouse.ca\/fr\/wp-json\/wp\/v2\/pages\/2646","targetHints":{"allow":["GET"]}}],"collection":[{"href":"https:\/\/nihouse.ca\/fr\/wp-json\/wp\/v2\/pages"}],"about":[{"href":"https:\/\/nihouse.ca\/fr\/wp-json\/wp\/v2\/types\/page"}],"author":[{"embeddable":true,"href":"https:\/\/nihouse.ca\/fr\/wp-json\/wp\/v2\/users\/7"}],"replies":[{"embeddable":true,"href":"https:\/\/nihouse.ca\/fr\/wp-json\/wp\/v2\/comments?post=2646"}],"version-history":[{"count":3,"href":"https:\/\/nihouse.ca\/fr\/wp-json\/wp\/v2\/pages\/2646\/revisions"}],"predecessor-version":[{"id":3430,"href":"https:\/\/nihouse.ca\/fr\/wp-json\/wp\/v2\/pages\/2646\/revisions\/3430"}],"wp:attachment":[{"href":"https:\/\/nihouse.ca\/fr\/wp-json\/wp\/v2\/media?parent=2646"}],"curies":[{"name":"wp","href":"https:\/\/api.w.org\/{rel}","templated":true}]}}